{"id":950,"date":"2020-12-07T10:14:07","date_gmt":"2020-12-07T10:14:07","guid":{"rendered":"http:\/\/gymnoten.dk\/?page_id=950"},"modified":"2023-01-26T23:40:06","modified_gmt":"2023-01-26T22:40:06","slug":"dovenkroppen-i-modvind","status":"publish","type":"page","link":"http:\/\/gymnoten.karlosall.dk\/?page_id=950","title":{"rendered":"DOVENKROPPEN I MODVIND"},"content":{"rendered":"\n<p><\/p>\n\n\n\n<figure class=\"wp-block-image size-large is-resized\"><img loading=\"lazy\" src=\"http:\/\/gymnoten.karlosall.dk\/wp-content\/uploads\/2020\/12\/dovenkroppraesentation1-1.jpg\" alt=\"\" class=\"wp-image-951\" width=\"397\" height=\"576\"\/><\/figure>\n\n\n\n<p> <\/p>\n\n\n\n<p>TEKSTER \/ 80 sider \/ 2020<br>Skrevet af Andreas Hansn<br>Fotos af Thomas Nygaard<\/p>\n\n\n\n<p><br>En art dagbogsblade fra Dovenkroppen, som er voksen men har stadig ikke l\u00e6rt at navigere rigtigt i civilisationen med p\u00e5tr\u00e6ngende chef, konstante forstyrrelser og rituel borgerlighed i et forbl\u00e6st kvarter med m\u00f8detider, h\u00e6slige biler, afguder i skunken og UFOer pr. telefon.<\/p>\n\n\n\n<p>Den begynder s\u00e5dan her:<\/p>\n\n\n\n<p>\u201cDet er stadig nat. Morgen. Jeg har ingen id\u00e9 om, hvad Chef himler op om. Det er en sk\u00e6ndsel at hive anst\u00e6ndige mennesker op klokken syv bare p\u00e5 grund af en eller anden overfrisk og gr\u00e5dig nar. Stolen kan vippes tilbage i en ikke-ubehagelig vinkel. Selvf\u00f8lgelig bl\u00e6ser det. Der ligger et m\u00f8rkt massiv over hele himlen, en monoton ikke-himmel, en fed m\u00f8rkegr\u00e5 dyne.<\/p>\n\n\n\n<p>Bare <em>ordet <\/em>dyne &#8230;<br>Chefs stemme bliver allerede ulden og fjern<br>Chef bliver ulden og fjern\u201d<br><\/p>\n\n\n\n<p>Og slutter s\u00e5dan her:<br><\/p>\n\n\n\n<p>\u201csenere, i ugerne der kom<br>blev der sat efterlysningssedler op\u00a0<br>A4 med et telefonnummer p\u00e5 til at rykke af og tage med<br>de hang der et p\u00e6nt stykke tid.\u201d<\/p>\n\n\n\n<p><br><\/p>\n\n\n\n<figure class=\"wp-block-image\"><img alt=\"\"\/><\/figure>\n","protected":false},"excerpt":{"rendered":"<p>TEKSTER \/ 80 sider \/ 2020Skrevet af Andreas HansnFotos af Thomas Nygaard En art dagbogsblade fra Dovenkroppen, som er voksen men har stadig ikke l\u00e6rt at navigere rigtigt i civilisationen med p\u00e5tr\u00e6ngende chef, konstante forstyrrelser og rituel borgerlighed i et[&hellip;]<a class=\"more-link\" href=\"http:\/\/gymnoten.karlosall.dk\/?page_id=950\">&darr; Read the rest of this entry&#8230;<\/a><\/p>\n","protected":false},"author":3,"featured_media":0,"parent":0,"menu_order":4,"comment_status":"closed","ping_status":"closed","template":"","meta":[],"_links":{"self":[{"href":"http:\/\/gymnoten.karlosall.dk\/index.php?rest_route=\/wp\/v2\/pages\/950"}],"collection":[{"href":"http:\/\/gymnoten.karlosall.dk\/index.php?rest_route=\/wp\/v2\/pages"}],"about":[{"href":"http:\/\/gymnoten.karlosall.dk\/index.php?rest_route=\/wp\/v2\/types\/page"}],"author":[{"embeddable":true,"href":"http:\/\/gymnoten.karlosall.dk\/index.php?rest_route=\/wp\/v2\/users\/3"}],"replies":[{"embeddable":true,"href":"http:\/\/gymnoten.karlosall.dk\/index.php?rest_route=%2Fwp%2Fv2%2Fcomments&post=950"}],"version-history":[{"count":2,"href":"http:\/\/gymnoten.karlosall.dk\/index.php?rest_route=\/wp\/v2\/pages\/950\/revisions"}],"predecessor-version":[{"id":1136,"href":"http:\/\/gymnoten.karlosall.dk\/index.php?rest_route=\/wp\/v2\/pages\/950\/revisions\/1136"}],"wp:attachment":[{"href":"http:\/\/gymnoten.karlosall.dk\/index.php?rest_route=%2Fwp%2Fv2%2Fmedia&parent=950"}],"curies":[{"name":"wp","href":"https:\/\/api.w.org\/{rel}","templated":true}]}}