{"id":926,"date":"2019-05-05T07:42:35","date_gmt":"2019-05-05T05:42:35","guid":{"rendered":"http:\/\/gymnoten.dk\/?page_id=926"},"modified":"2022-06-07T11:09:37","modified_gmt":"2022-06-07T09:09:37","slug":"djyon-daere-ii","status":"publish","type":"page","link":"http:\/\/gymnoten.karlosall.dk\/?page_id=926","title":{"rendered":"DJYON D\u00c6RE II"},"content":{"rendered":"\n<figure class=\"wp-block-image size-large is-resized\"><img loading=\"lazy\" src=\"http:\/\/gymnoten.karlosall.dk\/wp-content\/uploads\/2019\/05\/Infoinferno-forside-1.jpg\" alt=\"\" class=\"wp-image-929\" width=\"401\" height=\"562\"\/><\/figure>\n\n\n<p>TEGNESERIE \/ 144 SIDER \/ 2019<br>Skrevet af Andreas Hansn<br>Tegnet af Emil Brahe, Frank Brahe, Michael Persson<\/p>\n<p>Ikke s\u00e5 snart er Djyon D\u00e6re ude af sin lange smertefulde regenerering, f\u00f8r han kaster sig ud i den ene vanvittige infopicnic efter den anden.<br>Den personlige destruktion venter alle vegne blandt forliste civilisationer, molekyl\u00e6ropl\u00f8sende velkomster og ikke mindst hos Urbassens fanatiske tilbedere.<\/p>\n\n\n<figure class=\"wp-block-image\"><img src=\"http:\/\/gymnoten.karlosall.dk\/wp-content\/uploads\/2019\/05\/gok-211x300.jpg\" alt=\"\" class=\"wp-image-929\"\/><\/figure>\n\n\n\n<figure class=\"wp-block-image size-large is-resized\"><img loading=\"lazy\" src=\"http:\/\/gymnoten.karlosall.dk\/wp-content\/uploads\/2021\/03\/gok.jpg\" alt=\"\" class=\"wp-image-992\" width=\"426\" height=\"605\"\/><\/figure>\n","protected":false},"excerpt":{"rendered":"<p>TEGNESERIE \/ 144 SIDER \/ 2019Skrevet af Andreas HansnTegnet af Emil Brahe, Frank Brahe, Michael Persson Ikke s\u00e5 snart er Djyon D\u00e6re ude af sin lange smertefulde regenerering, f\u00f8r han kaster sig ud i den ene vanvittige infopicnic efter den[&hellip;]<a class=\"more-link\" href=\"http:\/\/gymnoten.karlosall.dk\/?page_id=926\">&darr; Read the rest of this entry&#8230;<\/a><\/p>\n","protected":false},"author":3,"featured_media":0,"parent":0,"menu_order":6,"comment_status":"closed","ping_status":"closed","template":"","meta":[],"_links":{"self":[{"href":"http:\/\/gymnoten.karlosall.dk\/index.php?rest_route=\/wp\/v2\/pages\/926"}],"collection":[{"href":"http:\/\/gymnoten.karlosall.dk\/index.php?rest_route=\/wp\/v2\/pages"}],"about":[{"href":"http:\/\/gymnoten.karlosall.dk\/index.php?rest_route=\/wp\/v2\/types\/page"}],"author":[{"embeddable":true,"href":"http:\/\/gymnoten.karlosall.dk\/index.php?rest_route=\/wp\/v2\/users\/3"}],"replies":[{"embeddable":true,"href":"http:\/\/gymnoten.karlosall.dk\/index.php?rest_route=%2Fwp%2Fv2%2Fcomments&post=926"}],"version-history":[{"count":3,"href":"http:\/\/gymnoten.karlosall.dk\/index.php?rest_route=\/wp\/v2\/pages\/926\/revisions"}],"predecessor-version":[{"id":1016,"href":"http:\/\/gymnoten.karlosall.dk\/index.php?rest_route=\/wp\/v2\/pages\/926\/revisions\/1016"}],"wp:attachment":[{"href":"http:\/\/gymnoten.karlosall.dk\/index.php?rest_route=%2Fwp%2Fv2%2Fmedia&parent=926"}],"curies":[{"name":"wp","href":"https:\/\/api.w.org\/{rel}","templated":true}]}}