{"id":902,"date":"2018-08-29T09:35:23","date_gmt":"2018-08-29T09:35:23","guid":{"rendered":"http:\/\/gymnoten.dk\/?page_id=902"},"modified":"2021-03-22T12:46:52","modified_gmt":"2021-03-22T11:46:52","slug":"tarmflora","status":"publish","type":"page","link":"http:\/\/gymnoten.karlosall.dk\/?page_id=902","title":{"rendered":"TARMFLORA"},"content":{"rendered":"<p><a href=\"http:\/\/gymnoten.karlosall.dk\/wp-content\/uploads\/2018\/08\/01-forside.jpg\"><img loading=\"lazy\" class=\"alignnone  wp-image-904\" src=\"http:\/\/gymnoten.karlosall.dk\/wp-content\/uploads\/2018\/08\/01-forside.jpg\" alt=\"\" width=\"343\" height=\"407\" \/><\/a><\/p>\n<p>BILLEDBOG \/ 20 SIDER \/ 2018<br \/>\nSkrevet af Andreas Hansn<br \/>\nTegnet af Signe Parkins og Emil Brahe<br \/>\nBoghylderne v\u00e6lter med bestsellerb\u00f8ger med titler som \u201cTarme med charme\u201d, \u201cTarme i topform\u201d, \u201cMad til glade tarme\u201d og \u201cSund mave &#8211; Klart sind\u201d og s\u00e5 videre. Ingen tabuer eller ber\u00f8ringsangst her l\u00e6ngere.<br \/>\nVi synes dog der har manglet en introduktion til de vigtigste v\u00e6kster i denne yderst popul\u00e6re lokalitet.<br \/>\nTarmflora er let at have med i tasken eller en stor inderlomme.<\/p>\n<p><img loading=\"lazy\" class=\"alignnone  wp-image-898\" src=\"http:\/\/gymnoten.karlosall.dk\/wp-content\/uploads\/2018\/08\/18-bogenigt.jpg\" alt=\"\" width=\"322\" height=\"382\" \/><\/p>\n","protected":false},"excerpt":{"rendered":"<p>BILLEDBOG \/ 20 SIDER \/ 2018 Skrevet af Andreas Hansn Tegnet af Signe Parkins og Emil Brahe Boghylderne v\u00e6lter med bestsellerb\u00f8ger med titler som \u201cTarme med charme\u201d, \u201cTarme i topform\u201d, \u201cMad til glade tarme\u201d og \u201cSund mave &#8211; Klart sind\u201d[&hellip;]<a class=\"more-link\" href=\"http:\/\/gymnoten.karlosall.dk\/?page_id=902\">&darr; Read the rest of this entry&#8230;<\/a><\/p>\n","protected":false},"author":3,"featured_media":0,"parent":0,"menu_order":4,"comment_status":"open","ping_status":"open","template":"","meta":[],"_links":{"self":[{"href":"http:\/\/gymnoten.karlosall.dk\/index.php?rest_route=\/wp\/v2\/pages\/902"}],"collection":[{"href":"http:\/\/gymnoten.karlosall.dk\/index.php?rest_route=\/wp\/v2\/pages"}],"about":[{"href":"http:\/\/gymnoten.karlosall.dk\/index.php?rest_route=\/wp\/v2\/types\/page"}],"author":[{"embeddable":true,"href":"http:\/\/gymnoten.karlosall.dk\/index.php?rest_route=\/wp\/v2\/users\/3"}],"replies":[{"embeddable":true,"href":"http:\/\/gymnoten.karlosall.dk\/index.php?rest_route=%2Fwp%2Fv2%2Fcomments&post=902"}],"version-history":[{"count":1,"href":"http:\/\/gymnoten.karlosall.dk\/index.php?rest_route=\/wp\/v2\/pages\/902\/revisions"}],"predecessor-version":[{"id":1001,"href":"http:\/\/gymnoten.karlosall.dk\/index.php?rest_route=\/wp\/v2\/pages\/902\/revisions\/1001"}],"wp:attachment":[{"href":"http:\/\/gymnoten.karlosall.dk\/index.php?rest_route=%2Fwp%2Fv2%2Fmedia&parent=902"}],"curies":[{"name":"wp","href":"https:\/\/api.w.org\/{rel}","templated":true}]}}