{"id":867,"date":"2018-03-08T07:47:02","date_gmt":"2018-03-08T07:47:02","guid":{"rendered":"http:\/\/gymnoten.dk\/?page_id=867"},"modified":"2021-03-22T12:34:36","modified_gmt":"2021-03-22T11:34:36","slug":"hr-poppers-kom-lobende","status":"publish","type":"page","link":"http:\/\/gymnoten.karlosall.dk\/?page_id=867","title":{"rendered":"HR. POPPERS KOM L\u00d8BENDE"},"content":{"rendered":"\n<figure class=\"wp-block-image size-large is-resized\"><img loading=\"lazy\" src=\"http:\/\/gymnoten.karlosall.dk\/wp-content\/uploads\/2018\/03\/01-Forside-v1.jpg\" alt=\"\" class=\"wp-image-868\" width=\"364\" height=\"257\"\/><\/figure>\n\n\n\n<p>TEGNESERIE \/ 50 sider \/ 2018<br>Skrevet af Andreas Hansn og Emil Brahe<br>Tegnet af Emil Brahe<\/p>\n\n\n\n<p>Bob tr\u00e6nger til lindring i form af en b\u00f8tte poppers, ringer til en forhandler, varen er p\u00e5 vej, men allerede p\u00e5 side otte k\u00f8rer det af sporet. HELT af sporet. Guds hvide tj\u00e6re, fejlopkald til Nietzsche. Den slags.<\/p>\n\n\n\n<figure class=\"wp-block-image size-large is-resized\"><img loading=\"lazy\" src=\"http:\/\/gymnoten.karlosall.dk\/wp-content\/uploads\/2018\/03\/pops08.jpg\" alt=\"\" class=\"wp-image-871\" width=\"357\" height=\"251\"\/><\/figure>\n\n\n\n<figure class=\"wp-block-image size-large is-resized\"><img loading=\"lazy\" src=\"http:\/\/gymnoten.karlosall.dk\/wp-content\/uploads\/2018\/03\/pops07.jpg\" alt=\"\" class=\"wp-image-870\" width=\"356\" height=\"251\"\/><\/figure>\n","protected":false},"excerpt":{"rendered":"<p>TEGNESERIE \/ 50 sider \/ 2018Skrevet af Andreas Hansn og Emil BraheTegnet af Emil Brahe Bob tr\u00e6nger til lindring i form af en b\u00f8tte poppers, ringer til en forhandler, varen er p\u00e5 vej, men allerede p\u00e5 side otte k\u00f8rer det[&hellip;]<a class=\"more-link\" href=\"http:\/\/gymnoten.karlosall.dk\/?page_id=867\">&darr; Read the rest of this entry&#8230;<\/a><\/p>\n","protected":false},"author":3,"featured_media":0,"parent":0,"menu_order":4,"comment_status":"open","ping_status":"open","template":"","meta":[],"_links":{"self":[{"href":"http:\/\/gymnoten.karlosall.dk\/index.php?rest_route=\/wp\/v2\/pages\/867"}],"collection":[{"href":"http:\/\/gymnoten.karlosall.dk\/index.php?rest_route=\/wp\/v2\/pages"}],"about":[{"href":"http:\/\/gymnoten.karlosall.dk\/index.php?rest_route=\/wp\/v2\/types\/page"}],"author":[{"embeddable":true,"href":"http:\/\/gymnoten.karlosall.dk\/index.php?rest_route=\/wp\/v2\/users\/3"}],"replies":[{"embeddable":true,"href":"http:\/\/gymnoten.karlosall.dk\/index.php?rest_route=%2Fwp%2Fv2%2Fcomments&post=867"}],"version-history":[{"count":2,"href":"http:\/\/gymnoten.karlosall.dk\/index.php?rest_route=\/wp\/v2\/pages\/867\/revisions"}],"predecessor-version":[{"id":999,"href":"http:\/\/gymnoten.karlosall.dk\/index.php?rest_route=\/wp\/v2\/pages\/867\/revisions\/999"}],"wp:attachment":[{"href":"http:\/\/gymnoten.karlosall.dk\/index.php?rest_route=%2Fwp%2Fv2%2Fmedia&parent=867"}],"curies":[{"name":"wp","href":"https:\/\/api.w.org\/{rel}","templated":true}]}}