{"id":730,"date":"2016-06-16T07:50:32","date_gmt":"2016-06-16T07:50:32","guid":{"rendered":"http:\/\/gymnoten.dk\/?page_id=730"},"modified":"2021-03-24T12:10:41","modified_gmt":"2021-03-24T11:10:41","slug":"huskekage","status":"publish","type":"page","link":"http:\/\/gymnoten.karlosall.dk\/?page_id=730","title":{"rendered":"HUSKEKAGE"},"content":{"rendered":"<p><img loading=\"lazy\" class=\"alignnone  wp-image-672\" src=\"http:\/\/gymnoten.karlosall.dk\/wp-content\/uploads\/2016\/02\/huskekage-forside.jpg\" alt=\"\" width=\"280\" height=\"396\" \/><br \/>\nTEGNESERIE \/ 35 sider\/ 2016<br \/>\nSkrevet af Emil Brahe<br \/>\nTegnet af Tor Brandt<br \/>\nDennis m\u00e5 se sin tilv\u00e6relse g\u00e5 op i limningen.<br \/>\nIkke kun f\u00e5r han bank af konen, men der er ogs\u00e5 disse satans bier, der langsomt driver ham fra koncepterne.<br \/>\n<img loading=\"lazy\" class=\"alignnone  wp-image-741\" src=\"http:\/\/gymnoten.karlosall.dk\/wp-content\/uploads\/2016\/06\/side223.jpg\" alt=\"\" width=\"329\" height=\"449\" \/><\/p>\n","protected":false},"excerpt":{"rendered":"<p>TEGNESERIE \/ 35 sider\/ 2016 Skrevet af Emil Brahe Tegnet af Tor Brandt Dennis m\u00e5 se sin tilv\u00e6relse g\u00e5 op i limningen. Ikke kun f\u00e5r han bank af konen, men der er ogs\u00e5 disse satans bier, der langsomt driver ham[&hellip;]<a class=\"more-link\" href=\"http:\/\/gymnoten.karlosall.dk\/?page_id=730\">&darr; Read the rest of this entry&#8230;<\/a><\/p>\n","protected":false},"author":3,"featured_media":0,"parent":0,"menu_order":10,"comment_status":"open","ping_status":"open","template":"","meta":[],"_links":{"self":[{"href":"http:\/\/gymnoten.karlosall.dk\/index.php?rest_route=\/wp\/v2\/pages\/730"}],"collection":[{"href":"http:\/\/gymnoten.karlosall.dk\/index.php?rest_route=\/wp\/v2\/pages"}],"about":[{"href":"http:\/\/gymnoten.karlosall.dk\/index.php?rest_route=\/wp\/v2\/types\/page"}],"author":[{"embeddable":true,"href":"http:\/\/gymnoten.karlosall.dk\/index.php?rest_route=\/wp\/v2\/users\/3"}],"replies":[{"embeddable":true,"href":"http:\/\/gymnoten.karlosall.dk\/index.php?rest_route=%2Fwp%2Fv2%2Fcomments&post=730"}],"version-history":[{"count":1,"href":"http:\/\/gymnoten.karlosall.dk\/index.php?rest_route=\/wp\/v2\/pages\/730\/revisions"}],"predecessor-version":[{"id":1022,"href":"http:\/\/gymnoten.karlosall.dk\/index.php?rest_route=\/wp\/v2\/pages\/730\/revisions\/1022"}],"wp:attachment":[{"href":"http:\/\/gymnoten.karlosall.dk\/index.php?rest_route=%2Fwp%2Fv2%2Fmedia&parent=730"}],"curies":[{"name":"wp","href":"https:\/\/api.w.org\/{rel}","templated":true}]}}