{"id":73,"date":"2014-03-29T14:54:16","date_gmt":"2014-03-29T14:54:16","guid":{"rendered":"http:\/\/gymnoten.dk\/?page_id=73"},"modified":"2021-03-24T13:00:10","modified_gmt":"2021-03-24T12:00:10","slug":"mallens-nat","status":"publish","type":"page","link":"http:\/\/gymnoten.karlosall.dk\/?page_id=73","title":{"rendered":"MALLENS NAT"},"content":{"rendered":"<p><img loading=\"lazy\" class=\"alignnone size-full wp-image-74\" src=\"http:\/\/gymnoten.karlosall.dk\/wp-content\/uploads\/2014\/03\/mallens-nat-redux.jpg\" alt=\"\" width=\"211\" height=\"298\" \/><br \/>\nBOG\/102 SIDER\/ 2010<br \/>\nSkrevet af Dr. Damaskus<br \/>\nFotografier af Michael Ersted<br \/>\nEn k\u00e6mpemalle \u2013 menneske\u00e6dende \u2013 er l\u00f8s i byen. Hr. Larsen m\u00e5 atter tage aff\u00e6re. Gru og helted\u00e5d i MALLENS NAT<br \/>\n\u201c\u2026 \u00e9n del surrealistisk gyser, en del rendestenspoesi (kan noget bedre lide Hansns labyrintiske, anl\u00f8bne \u00c5rhus end den noget selvbevidste caf\u00e9by, jeg kender), en del respektl\u00f8s gymnasieblads-artikel og \u00e9n del opvakt satire\u201d, skrev Steffen B. Pedersen i Geiger.<br \/>\n2. udgave: Super deluxe redux incl. to extra bonushistorier med hr. Larsen og Mester Ringgade!!!!!<\/p>\n","protected":false},"excerpt":{"rendered":"<p>BOG\/102 SIDER\/ 2010 Skrevet af Dr. Damaskus Fotografier af Michael Ersted En k\u00e6mpemalle \u2013 menneske\u00e6dende \u2013 er l\u00f8s i byen. Hr. Larsen m\u00e5 atter tage aff\u00e6re. Gru og helted\u00e5d i MALLENS NAT \u201c\u2026 \u00e9n del surrealistisk gyser, en del rendestenspoesi[&hellip;]<a class=\"more-link\" href=\"http:\/\/gymnoten.karlosall.dk\/?page_id=73\">&darr; Read the rest of this entry&#8230;<\/a><\/p>\n","protected":false},"author":4,"featured_media":0,"parent":0,"menu_order":80,"comment_status":"open","ping_status":"open","template":"","meta":[],"_links":{"self":[{"href":"http:\/\/gymnoten.karlosall.dk\/index.php?rest_route=\/wp\/v2\/pages\/73"}],"collection":[{"href":"http:\/\/gymnoten.karlosall.dk\/index.php?rest_route=\/wp\/v2\/pages"}],"about":[{"href":"http:\/\/gymnoten.karlosall.dk\/index.php?rest_route=\/wp\/v2\/types\/page"}],"author":[{"embeddable":true,"href":"http:\/\/gymnoten.karlosall.dk\/index.php?rest_route=\/wp\/v2\/users\/4"}],"replies":[{"embeddable":true,"href":"http:\/\/gymnoten.karlosall.dk\/index.php?rest_route=%2Fwp%2Fv2%2Fcomments&post=73"}],"version-history":[{"count":1,"href":"http:\/\/gymnoten.karlosall.dk\/index.php?rest_route=\/wp\/v2\/pages\/73\/revisions"}],"predecessor-version":[{"id":1042,"href":"http:\/\/gymnoten.karlosall.dk\/index.php?rest_route=\/wp\/v2\/pages\/73\/revisions\/1042"}],"wp:attachment":[{"href":"http:\/\/gymnoten.karlosall.dk\/index.php?rest_route=%2Fwp%2Fv2%2Fmedia&parent=73"}],"curies":[{"name":"wp","href":"https:\/\/api.w.org\/{rel}","templated":true}]}}