{"id":684,"date":"2016-05-18T10:02:42","date_gmt":"2016-05-18T10:02:42","guid":{"rendered":"http:\/\/gymnoten.dk\/?page_id=684"},"modified":"2021-03-24T12:02:02","modified_gmt":"2021-03-24T11:02:02","slug":"morf-2","status":"publish","type":"page","link":"http:\/\/gymnoten.karlosall.dk\/?page_id=684","title":{"rendered":"MORF"},"content":{"rendered":"<p><img loading=\"lazy\" class=\"alignnone  wp-image-673\" src=\"http:\/\/gymnoten.karlosall.dk\/wp-content\/uploads\/2016\/02\/MORF-box-forside.jpg\" alt=\"\" width=\"338\" height=\"893\" \/><\/p>\n<p>TEGNESERIE \/ 113 sider \/ 2016 \/<br \/>\nTegnet af Frank Brahe<br \/>\nSkrevet af Andreas Hansn<br \/>\n<span class=\"_4n-j fsl\">Hvorfor er der s\u00e5 affolket i det s\u00e5kaldte udkantsdanmark?<br \/>\nHvorfor dukker Steff op midt om natten hos Evald med en mystisk k\u00f8dfuld dingenot stikkende ud af hovedet?<br \/>\nHvad sker der i den lille skov, hvor Steff og Evald plejede at ryge tjums med Ove?<br \/>\nDer er svar &#8211; OG MERE TIL &#8211; i Frank Brahes r\u00e6dselsv\u00e6kkende tegneserie MORF.<\/span><\/p>\n<p><img loading=\"lazy\" class=\"alignnone  wp-image-694\" src=\"http:\/\/gymnoten.karlosall.dk\/wp-content\/uploads\/2016\/05\/side-16.jpg\" alt=\"\" width=\"349\" height=\"472\" \/><\/p>\n","protected":false},"excerpt":{"rendered":"<p>TEGNESERIE \/ 113 sider \/ 2016 \/ Tegnet af Frank Brahe Skrevet af Andreas Hansn Hvorfor er der s\u00e5 affolket i det s\u00e5kaldte udkantsdanmark? Hvorfor dukker Steff op midt om natten hos Evald med en mystisk k\u00f8dfuld dingenot stikkende ud[&hellip;]<a class=\"more-link\" href=\"http:\/\/gymnoten.karlosall.dk\/?page_id=684\">&darr; Read the rest of this entry&#8230;<\/a><\/p>\n","protected":false},"author":3,"featured_media":0,"parent":0,"menu_order":8,"comment_status":"open","ping_status":"open","template":"","meta":[],"_links":{"self":[{"href":"http:\/\/gymnoten.karlosall.dk\/index.php?rest_route=\/wp\/v2\/pages\/684"}],"collection":[{"href":"http:\/\/gymnoten.karlosall.dk\/index.php?rest_route=\/wp\/v2\/pages"}],"about":[{"href":"http:\/\/gymnoten.karlosall.dk\/index.php?rest_route=\/wp\/v2\/types\/page"}],"author":[{"embeddable":true,"href":"http:\/\/gymnoten.karlosall.dk\/index.php?rest_route=\/wp\/v2\/users\/3"}],"replies":[{"embeddable":true,"href":"http:\/\/gymnoten.karlosall.dk\/index.php?rest_route=%2Fwp%2Fv2%2Fcomments&post=684"}],"version-history":[{"count":1,"href":"http:\/\/gymnoten.karlosall.dk\/index.php?rest_route=\/wp\/v2\/pages\/684\/revisions"}],"predecessor-version":[{"id":1020,"href":"http:\/\/gymnoten.karlosall.dk\/index.php?rest_route=\/wp\/v2\/pages\/684\/revisions\/1020"}],"wp:attachment":[{"href":"http:\/\/gymnoten.karlosall.dk\/index.php?rest_route=%2Fwp%2Fv2%2Fmedia&parent=684"}],"curies":[{"name":"wp","href":"https:\/\/api.w.org\/{rel}","templated":true}]}}