{"id":65,"date":"2014-03-29T14:41:47","date_gmt":"2014-03-29T14:41:47","guid":{"rendered":"http:\/\/gymnoten.dk\/?page_id=65"},"modified":"2021-03-24T12:56:55","modified_gmt":"2021-03-24T11:56:55","slug":"terapi-3","status":"publish","type":"page","link":"http:\/\/gymnoten.karlosall.dk\/?page_id=65","title":{"rendered":"TERAPI"},"content":{"rendered":"<p><img loading=\"lazy\" class=\"alignnone size-full wp-image-66\" src=\"http:\/\/gymnoten.karlosall.dk\/wp-content\/uploads\/2014\/03\/terapi.jpg\" alt=\"\" width=\"211\" height=\"298\" \/><br \/>\nBOG \/ 8 sider \/ 2013<br \/>\nSkrevet af Tor Brandt og Emil Brahe<br \/>\nTegnet af Tor Brandt<br \/>\n(Bagsideteksten fra Rikke Bakmans prisbel\u00f8nnede graphic novel Glimt(Aben Maler), kan udm\u00e6rket bruges om Terapi, s\u00e5 sparer redakteuren lidt tankekraft):<br \/>\nErindringsroman om en barndom tilbragt i 80ernes Nordjylland. Vi f\u00f8lger seks-\u00e5rige Kevin en enkelt sommerdag. Med en fintf\u00f8lende blyant skildrer Tor Brandt pr\u00e6cist, hvor skiftevist skr\u00e6mmende, kedelig og magisk tilv\u00e6relsen er for et barn.<br \/>\n<img loading=\"lazy\" class=\"alignnone size-full wp-image-67\" src=\"http:\/\/gymnoten.karlosall.dk\/wp-content\/uploads\/2014\/03\/tearpi_s2.jpg\" alt=\"\" width=\"217\" height=\"298\" \/><\/p>\n","protected":false},"excerpt":{"rendered":"<p>BOG \/ 8 sider \/ 2013 Skrevet af Tor Brandt og Emil Brahe Tegnet af Tor Brandt (Bagsideteksten fra Rikke Bakmans prisbel\u00f8nnede graphic novel Glimt(Aben Maler), kan udm\u00e6rket bruges om Terapi, s\u00e5 sparer redakteuren lidt tankekraft): Erindringsroman om en barndom[&hellip;]<a class=\"more-link\" href=\"http:\/\/gymnoten.karlosall.dk\/?page_id=65\">&darr; Read the rest of this entry&#8230;<\/a><\/p>\n","protected":false},"author":4,"featured_media":0,"parent":0,"menu_order":60,"comment_status":"open","ping_status":"open","template":"","meta":[],"_links":{"self":[{"href":"http:\/\/gymnoten.karlosall.dk\/index.php?rest_route=\/wp\/v2\/pages\/65"}],"collection":[{"href":"http:\/\/gymnoten.karlosall.dk\/index.php?rest_route=\/wp\/v2\/pages"}],"about":[{"href":"http:\/\/gymnoten.karlosall.dk\/index.php?rest_route=\/wp\/v2\/types\/page"}],"author":[{"embeddable":true,"href":"http:\/\/gymnoten.karlosall.dk\/index.php?rest_route=\/wp\/v2\/users\/4"}],"replies":[{"embeddable":true,"href":"http:\/\/gymnoten.karlosall.dk\/index.php?rest_route=%2Fwp%2Fv2%2Fcomments&post=65"}],"version-history":[{"count":1,"href":"http:\/\/gymnoten.karlosall.dk\/index.php?rest_route=\/wp\/v2\/pages\/65\/revisions"}],"predecessor-version":[{"id":1038,"href":"http:\/\/gymnoten.karlosall.dk\/index.php?rest_route=\/wp\/v2\/pages\/65\/revisions\/1038"}],"wp:attachment":[{"href":"http:\/\/gymnoten.karlosall.dk\/index.php?rest_route=%2Fwp%2Fv2%2Fmedia&parent=65"}],"curies":[{"name":"wp","href":"https:\/\/api.w.org\/{rel}","templated":true}]}}