{"id":60,"date":"2014-03-29T14:37:50","date_gmt":"2014-03-29T14:37:50","guid":{"rendered":"http:\/\/gymnoten.dk\/?page_id=60"},"modified":"2021-03-24T12:44:39","modified_gmt":"2021-03-24T11:44:39","slug":"colibat","status":"publish","type":"page","link":"http:\/\/gymnoten.karlosall.dk\/?page_id=60","title":{"rendered":"C\u00d8LIBAT"},"content":{"rendered":"<p><a href=\"http:\/\/gymnoten.files.wordpress.com\/2013\/06\/cc3b8libat.jpg\"><img loading=\"lazy\" class=\"alignnone size-medium wp-image-618\" style=\"border: 1px solid #CCC;\" src=\"http:\/\/gymnoten.files.wordpress.com\/2013\/06\/cc3b8libat.jpg?w=214\" alt=\"c\u00f8libat\" width=\"214\" height=\"300\" \/><\/a><br \/>\nTEGNESERIE \/ 78 SIDER \/ 2013<br \/>\nTegnet og skrevet af Emil Brahe<br \/>\nEn from og samvittighedsfuld munkeorden lever i urolige tider.<br \/>\nVejret er ustadigt, dyr begynder at tale og selve den urgamle levende nedgang til d\u00f8dsriget r\u00f8rer p\u00e5 sig.<br \/>\n<img loading=\"lazy\" class=\"alignnone  wp-image-178\" src=\"http:\/\/gymnoten.karlosall.dk\/wp-content\/uploads\/2014\/08\/Colibat-NY.jpg\" alt=\"\" width=\"366\" height=\"288\" \/><\/p>\n","protected":false},"excerpt":{"rendered":"<p>TEGNESERIE \/ 78 SIDER \/ 2013 Tegnet og skrevet af Emil Brahe En from og samvittighedsfuld munkeorden lever i urolige tider. Vejret er ustadigt, dyr begynder at tale og selve den urgamle levende nedgang til d\u00f8dsriget r\u00f8rer p\u00e5 sig.<\/p>\n","protected":false},"author":4,"featured_media":0,"parent":0,"menu_order":50,"comment_status":"open","ping_status":"open","template":"","meta":[],"_links":{"self":[{"href":"http:\/\/gymnoten.karlosall.dk\/index.php?rest_route=\/wp\/v2\/pages\/60"}],"collection":[{"href":"http:\/\/gymnoten.karlosall.dk\/index.php?rest_route=\/wp\/v2\/pages"}],"about":[{"href":"http:\/\/gymnoten.karlosall.dk\/index.php?rest_route=\/wp\/v2\/types\/page"}],"author":[{"embeddable":true,"href":"http:\/\/gymnoten.karlosall.dk\/index.php?rest_route=\/wp\/v2\/users\/4"}],"replies":[{"embeddable":true,"href":"http:\/\/gymnoten.karlosall.dk\/index.php?rest_route=%2Fwp%2Fv2%2Fcomments&post=60"}],"version-history":[{"count":1,"href":"http:\/\/gymnoten.karlosall.dk\/index.php?rest_route=\/wp\/v2\/pages\/60\/revisions"}],"predecessor-version":[{"id":1036,"href":"http:\/\/gymnoten.karlosall.dk\/index.php?rest_route=\/wp\/v2\/pages\/60\/revisions\/1036"}],"wp:attachment":[{"href":"http:\/\/gymnoten.karlosall.dk\/index.php?rest_route=%2Fwp%2Fv2%2Fmedia&parent=60"}],"curies":[{"name":"wp","href":"https:\/\/api.w.org\/{rel}","templated":true}]}}