{"id":52,"date":"2014-03-29T14:19:36","date_gmt":"2014-03-29T14:19:36","guid":{"rendered":"http:\/\/gymnoten.dk\/?page_id=52"},"modified":"2021-03-24T12:41:50","modified_gmt":"2021-03-24T11:41:50","slug":"valdemar-kandy-synger-pa-sidste-vers","status":"publish","type":"page","link":"http:\/\/gymnoten.karlosall.dk\/?page_id=52","title":{"rendered":"VALDEMAR KANDY SYNGER P\u00c5 SIDSTE VERS"},"content":{"rendered":"<p><img loading=\"lazy\" class=\"alignnone  wp-image-53\" src=\"http:\/\/gymnoten.karlosall.dk\/wp-content\/uploads\/2014\/03\/valdemar_kandy_forside.jpg\" alt=\"\" width=\"283\" height=\"420\" \/><br \/>\nTEGNESERIE \/ 78 SIDER \/ 2013<br \/>\nSkrevet af Andreas Hansn<br \/>\nTegnet af Emil Brahe<br \/>\nEfter adskillige \u00e5r p\u00e5 toppen af poppen begynder schlagerkongen Valdemar Kandys karriere ikke blot at stagnere, men at tage kurs direkte mod glemslens helvede.<br \/>\nSamtidig er ukendte kr\u00e6fter begyndt at tr\u00e6nge igennem spr\u00e6kkerne i verdensbilledet.<br \/>\n<em>Valdemar Kandy synger p\u00e5 sidste vers<\/em> er anden del af Entertainer-trilogien.<\/p>\n<p><img loading=\"lazy\" class=\"alignnone  wp-image-54\" src=\"http:\/\/gymnoten.karlosall.dk\/wp-content\/uploads\/2014\/03\/vk-42.jpg\" alt=\"\" width=\"330\" height=\"449\" \/><\/p>\n","protected":false},"excerpt":{"rendered":"<p>TEGNESERIE \/ 78 SIDER \/ 2013 Skrevet af Andreas Hansn Tegnet af Emil Brahe Efter adskillige \u00e5r p\u00e5 toppen af poppen begynder schlagerkongen Valdemar Kandys karriere ikke blot at stagnere, men at tage kurs direkte mod glemslens helvede. Samtidig er[&hellip;]<a class=\"more-link\" href=\"http:\/\/gymnoten.karlosall.dk\/?page_id=52\">&darr; Read the rest of this entry&#8230;<\/a><\/p>\n","protected":false},"author":4,"featured_media":0,"parent":0,"menu_order":30,"comment_status":"open","ping_status":"open","template":"","meta":[],"_links":{"self":[{"href":"http:\/\/gymnoten.karlosall.dk\/index.php?rest_route=\/wp\/v2\/pages\/52"}],"collection":[{"href":"http:\/\/gymnoten.karlosall.dk\/index.php?rest_route=\/wp\/v2\/pages"}],"about":[{"href":"http:\/\/gymnoten.karlosall.dk\/index.php?rest_route=\/wp\/v2\/types\/page"}],"author":[{"embeddable":true,"href":"http:\/\/gymnoten.karlosall.dk\/index.php?rest_route=\/wp\/v2\/users\/4"}],"replies":[{"embeddable":true,"href":"http:\/\/gymnoten.karlosall.dk\/index.php?rest_route=%2Fwp%2Fv2%2Fcomments&post=52"}],"version-history":[{"count":1,"href":"http:\/\/gymnoten.karlosall.dk\/index.php?rest_route=\/wp\/v2\/pages\/52\/revisions"}],"predecessor-version":[{"id":1033,"href":"http:\/\/gymnoten.karlosall.dk\/index.php?rest_route=\/wp\/v2\/pages\/52\/revisions\/1033"}],"wp:attachment":[{"href":"http:\/\/gymnoten.karlosall.dk\/index.php?rest_route=%2Fwp%2Fv2%2Fmedia&parent=52"}],"curies":[{"name":"wp","href":"https:\/\/api.w.org\/{rel}","templated":true}]}}