{"id":511,"date":"2015-06-02T17:54:59","date_gmt":"2015-06-02T17:54:59","guid":{"rendered":"http:\/\/gymnoten.dk\/?page_id=511"},"modified":"2021-03-24T12:14:55","modified_gmt":"2021-03-24T11:14:55","slug":"sydstjernen-fahrenheit","status":"publish","type":"page","link":"http:\/\/gymnoten.karlosall.dk\/?page_id=511","title":{"rendered":"SYDSTJERNEN (Fahrenheit)"},"content":{"rendered":"<p><img loading=\"lazy\" class=\"alignnone  wp-image-513\" src=\"http:\/\/gymnoten.karlosall.dk\/wp-content\/uploads\/2015\/06\/sydstjerne-forside-web.jpg\" alt=\"\" width=\"257\" height=\"382\" \/><br \/>\nTEGNESERIE \/ 108 sider \/ 2015 \/ ude p\u00e5 <strong><a href=\"http:\/\/forlaget-fahrenheit.dk\/\" target=\"_blank\" rel=\"noopener\">Forlaget Fahrenheit<br \/>\n<\/a><\/strong>Skrevet af Andreas Hansn<br \/>\nTegnet af Emil Brahe<br \/>\nVrad, Br\u00e6um og Agner sluprer i tilv\u00e6relsens h\u00e6ngedynd af \u00e6rgrelser og modgang. M\u00f8der hver dag p\u00e5 arbejde, bygger apparatur og suger somasprutte, mens fortidens dr\u00f8mme virker lige s\u00e5 fjerne som Sydstjernen, der engang t\u00e6ndte en ub\u00e6ndig virkelyst i dem.<br \/>\nOg s\u00e5 en morgen m\u00f8der Vrad en tr\u00e6k\u2212op\u2212pyramide, der er g\u00e5et i st\u00e5, og som han hj\u00e6lper p\u00e5 trods af sit vrisne sind. Ikke at det sikkert kommer til at g\u00f8re fra eller til.<br \/>\nSom Mark Twain sagde: \u201dLivet er bare den ene forbandede ting efter den anden.\u201d<br \/>\n&#8220;&#8230;og selvom det er meget, meget sjovt store dele af tiden, s\u00e5 er der alligevel en konstant tristesse og duft af stille, langsom d\u00f8d over hele v\u00e6rket.&#8221; &#8211; 4 ud af 5.<br \/>\n&#8211; Nummer9 i deres <strong><a href=\"http:\/\/nummer9.dk\/blog\/anmeldelser\/roterende-fis-i-traek-op-pyramiden\/\" target=\"_blank\" rel=\"noopener\">anmeldelse<\/a>.<\/strong><br \/>\n&#8220;Jim Woodring m\u00f8der Eraserhead. Og s\u00e5 alligevel ingen af delene&#8221;<br \/>\n&#8211; tegneseriepodcast Let&#8217;s Lucha.<br \/>\n<img loading=\"lazy\" class=\"alignnone  wp-image-515\" src=\"http:\/\/gymnoten.karlosall.dk\/wp-content\/uploads\/2015\/06\/sydstjernen-06.jpg\" alt=\"\" width=\"294\" height=\"406\" \/><\/p>\n","protected":false},"excerpt":{"rendered":"<p>TEGNESERIE \/ 108 sider \/ 2015 \/ ude p\u00e5 Forlaget Fahrenheit Skrevet af Andreas Hansn Tegnet af Emil Brahe Vrad, Br\u00e6um og Agner sluprer i tilv\u00e6relsens h\u00e6ngedynd af \u00e6rgrelser og modgang. M\u00f8der hver dag p\u00e5 arbejde, bygger apparatur og suger[&hellip;]<a class=\"more-link\" href=\"http:\/\/gymnoten.karlosall.dk\/?page_id=511\">&darr; Read the rest of this entry&#8230;<\/a><\/p>\n","protected":false},"author":3,"featured_media":0,"parent":0,"menu_order":11,"comment_status":"open","ping_status":"open","template":"","meta":[],"_links":{"self":[{"href":"http:\/\/gymnoten.karlosall.dk\/index.php?rest_route=\/wp\/v2\/pages\/511"}],"collection":[{"href":"http:\/\/gymnoten.karlosall.dk\/index.php?rest_route=\/wp\/v2\/pages"}],"about":[{"href":"http:\/\/gymnoten.karlosall.dk\/index.php?rest_route=\/wp\/v2\/types\/page"}],"author":[{"embeddable":true,"href":"http:\/\/gymnoten.karlosall.dk\/index.php?rest_route=\/wp\/v2\/users\/3"}],"replies":[{"embeddable":true,"href":"http:\/\/gymnoten.karlosall.dk\/index.php?rest_route=%2Fwp%2Fv2%2Fcomments&post=511"}],"version-history":[{"count":1,"href":"http:\/\/gymnoten.karlosall.dk\/index.php?rest_route=\/wp\/v2\/pages\/511\/revisions"}],"predecessor-version":[{"id":1024,"href":"http:\/\/gymnoten.karlosall.dk\/index.php?rest_route=\/wp\/v2\/pages\/511\/revisions\/1024"}],"wp:attachment":[{"href":"http:\/\/gymnoten.karlosall.dk\/index.php?rest_route=%2Fwp%2Fv2%2Fmedia&parent=511"}],"curies":[{"name":"wp","href":"https:\/\/api.w.org\/{rel}","templated":true}]}}