{"id":392,"date":"2014-11-25T10:04:51","date_gmt":"2014-11-25T10:04:51","guid":{"rendered":"http:\/\/gymnoten.dk\/?page_id=392"},"modified":"2021-03-24T12:28:57","modified_gmt":"2021-03-24T11:28:57","slug":"ny-djyon-daere-fahrenheit","status":"publish","type":"page","link":"http:\/\/gymnoten.karlosall.dk\/?page_id=392","title":{"rendered":"DJYON D\u00c6RE (Fahrenheit)"},"content":{"rendered":"<p><img loading=\"lazy\" class=\"alignnone  wp-image-397\" src=\"http:\/\/gymnoten.karlosall.dk\/wp-content\/uploads\/2014\/11\/DD-forside-fahrenheit.jpg\" alt=\"\" width=\"274\" height=\"364\" \/><br \/>\nTEGNESERIE \/ 102 sider \/ 2014 \/ Ude p\u00e5 <strong><a href=\"http:\/\/forlaget-fahrenheit.dk\" target=\"_blank\" rel=\"noopener\">Forlaget Fahrenheit<br \/>\n<\/a><\/strong>Skrevet af Andreas Hansn<br \/>\nTegnet af Emil Brahe<br \/>\nF\u00f8rst bliver den navnkundige infoj\u00e6ger Djyon D\u00e6re sendt til Den Golde Zone, hvor d\u00f8den lurer i mange former, og en oldgammel artefakt h\u00e6nger tyst og mystisk p\u00e5 himlen.<br \/>\nS\u00e5 dukker en gr\u00e5dig og sadistisk humanoid op og begynder at plyndre de hellige tentakelskove.<br \/>\nOg S\u00c5 begynder problemerne for alvor!<br \/>\n&#8220;&#8230; vaske\u00e6gte, gammeldags sci-fi, som hentet fra <em>Amazing Stories<\/em> i 30&#8217;erne, med samme m\u00e5l af fascinerende pseudovidenskab, slet skjult samfundssatire og s\u00e6re v\u00e6sener fra det ydre rum &#8230; hvis man ikke lader sig provokere af den rebelske streg, er der en god lille sci-fi-trilogi i vente &#8211; med en god blanding af \u00e6gte dybde og parodi&#8221;<br \/>\n&#8211; Jakob Stegelmann, Jyllands-Posten<br \/>\n&#8220;For gakkelaksplattet til min smag&#8221;<br \/>\n-Kim Skotte, Politiken.<br \/>\n&#8220;Handlingen er dramatisk og underholdende&#8221;<br \/>\n&#8211; Hans Bjerregaard, Ekstra Bladet.<br \/>\nGrotesk, punket og veloplagt, skrev Nummer9 i deres <strong><a href=\"http:\/\/nummer9.dk\/anmeldelser\/paa-infopicnic-med-djyon-daere\/\" target=\"_blank\" rel=\"noopener\">anmeldelse<\/a><\/strong>.<\/p>\n<p><img loading=\"lazy\" class=\"alignnone  wp-image-394\" src=\"http:\/\/gymnoten.karlosall.dk\/wp-content\/uploads\/2014\/11\/DGZ_07.jpg\" alt=\"\" width=\"325\" height=\"361\" \/><\/p>\n","protected":false},"excerpt":{"rendered":"<p>TEGNESERIE \/ 102 sider \/ 2014 \/ Ude p\u00e5 Forlaget Fahrenheit Skrevet af Andreas Hansn Tegnet af Emil Brahe F\u00f8rst bliver den navnkundige infoj\u00e6ger Djyon D\u00e6re sendt til Den Golde Zone, hvor d\u00f8den lurer i mange former, og en oldgammel[&hellip;]<a class=\"more-link\" href=\"http:\/\/gymnoten.karlosall.dk\/?page_id=392\">&darr; Read the rest of this entry&#8230;<\/a><\/p>\n","protected":false},"author":3,"featured_media":0,"parent":0,"menu_order":19,"comment_status":"open","ping_status":"open","template":"","meta":[],"_links":{"self":[{"href":"http:\/\/gymnoten.karlosall.dk\/index.php?rest_route=\/wp\/v2\/pages\/392"}],"collection":[{"href":"http:\/\/gymnoten.karlosall.dk\/index.php?rest_route=\/wp\/v2\/pages"}],"about":[{"href":"http:\/\/gymnoten.karlosall.dk\/index.php?rest_route=\/wp\/v2\/types\/page"}],"author":[{"embeddable":true,"href":"http:\/\/gymnoten.karlosall.dk\/index.php?rest_route=\/wp\/v2\/users\/3"}],"replies":[{"embeddable":true,"href":"http:\/\/gymnoten.karlosall.dk\/index.php?rest_route=%2Fwp%2Fv2%2Fcomments&post=392"}],"version-history":[{"count":1,"href":"http:\/\/gymnoten.karlosall.dk\/index.php?rest_route=\/wp\/v2\/pages\/392\/revisions"}],"predecessor-version":[{"id":1026,"href":"http:\/\/gymnoten.karlosall.dk\/index.php?rest_route=\/wp\/v2\/pages\/392\/revisions\/1026"}],"wp:attachment":[{"href":"http:\/\/gymnoten.karlosall.dk\/index.php?rest_route=%2Fwp%2Fv2%2Fmedia&parent=392"}],"curies":[{"name":"wp","href":"https:\/\/api.w.org\/{rel}","templated":true}]}}