{"id":363,"date":"2014-11-17T10:48:20","date_gmt":"2014-11-17T10:48:20","guid":{"rendered":"http:\/\/gymnoten.dk\/?page_id=363"},"modified":"2021-03-24T12:31:29","modified_gmt":"2021-03-24T11:31:29","slug":"big-size-burger","status":"publish","type":"page","link":"http:\/\/gymnoten.karlosall.dk\/?page_id=363","title":{"rendered":"BIG SIZE BURGER"},"content":{"rendered":"<p><img loading=\"lazy\" class=\"alignnone  wp-image-365\" src=\"http:\/\/gymnoten.karlosall.dk\/wp-content\/uploads\/2014\/11\/forside.jpg\" alt=\"\" width=\"310\" height=\"438\" \/><br \/>\nBILLEDBOG\/TEGNESERIE \/60 SIDER \/ 2014<br \/>\nSkrevet af Andreas Hansn<br \/>\nTegnet af Emil Brahe<br \/>\nDet begynder med, at burgerimperiet Appetye vil udvide gesj\u00e6ften.<br \/>\nDet opfatter konkurrenten Burgerplace, Place &amp; Palace s\u00e5 som en krigserkl\u00e6ring.<br \/>\nOg okserne, der skal l\u00e6gge k\u00f8d til? Mon de synes det er fedt?<br \/>\nOg hvad med de interplanetare relationer?<br \/>\nSnart flipper situationen ud. FULDKOMMEN ud af kontrol!<\/p>\n<p><img loading=\"lazy\" class=\"alignnone  wp-image-369\" src=\"http:\/\/gymnoten.karlosall.dk\/wp-content\/uploads\/2014\/11\/BSB-s05.jpg\" alt=\"\" width=\"320\" height=\"708\" \/><\/p>\n","protected":false},"excerpt":{"rendered":"<p>BILLEDBOG\/TEGNESERIE \/60 SIDER \/ 2014 Skrevet af Andreas Hansn Tegnet af Emil Brahe Det begynder med, at burgerimperiet Appetye vil udvide gesj\u00e6ften. Det opfatter konkurrenten Burgerplace, Place &amp; Palace s\u00e5 som en krigserkl\u00e6ring. Og okserne, der skal l\u00e6gge k\u00f8d til?[&hellip;]<a class=\"more-link\" href=\"http:\/\/gymnoten.karlosall.dk\/?page_id=363\">&darr; Read the rest of this entry&#8230;<\/a><\/p>\n","protected":false},"author":3,"featured_media":0,"parent":0,"menu_order":20,"comment_status":"open","ping_status":"open","template":"","meta":[],"_links":{"self":[{"href":"http:\/\/gymnoten.karlosall.dk\/index.php?rest_route=\/wp\/v2\/pages\/363"}],"collection":[{"href":"http:\/\/gymnoten.karlosall.dk\/index.php?rest_route=\/wp\/v2\/pages"}],"about":[{"href":"http:\/\/gymnoten.karlosall.dk\/index.php?rest_route=\/wp\/v2\/types\/page"}],"author":[{"embeddable":true,"href":"http:\/\/gymnoten.karlosall.dk\/index.php?rest_route=\/wp\/v2\/users\/3"}],"replies":[{"embeddable":true,"href":"http:\/\/gymnoten.karlosall.dk\/index.php?rest_route=%2Fwp%2Fv2%2Fcomments&post=363"}],"version-history":[{"count":1,"href":"http:\/\/gymnoten.karlosall.dk\/index.php?rest_route=\/wp\/v2\/pages\/363\/revisions"}],"predecessor-version":[{"id":1028,"href":"http:\/\/gymnoten.karlosall.dk\/index.php?rest_route=\/wp\/v2\/pages\/363\/revisions\/1028"}],"wp:attachment":[{"href":"http:\/\/gymnoten.karlosall.dk\/index.php?rest_route=%2Fwp%2Fv2%2Fmedia&parent=363"}],"curies":[{"name":"wp","href":"https:\/\/api.w.org\/{rel}","templated":true}]}}