{"id":1118,"date":"2022-10-19T23:17:54","date_gmt":"2022-10-19T21:17:54","guid":{"rendered":"http:\/\/gymnoten.karlosall.dk\/?page_id=1118"},"modified":"2022-10-19T23:21:28","modified_gmt":"2022-10-19T21:21:28","slug":"den-drommelose-sovn","status":"publish","type":"page","link":"http:\/\/gymnoten.karlosall.dk\/?page_id=1118","title":{"rendered":"DEN DR\u00d8MMEL\u00d8SE S\u00d8VN"},"content":{"rendered":"\n<figure class=\"wp-block-image size-large is-resized\"><img loading=\"lazy\" src=\"http:\/\/gymnoten.karlosall.dk\/wp-content\/uploads\/2022\/10\/drommelos.jpg\" alt=\"\" class=\"wp-image-1119\" width=\"334\" height=\"468\"\/><\/figure>\n\n\n\n<p>TEGNESERIE \/ 24 SIDER \/ 2022<br>Skrevet af Emil Brahe<br>Tegnet af Emily Conlon<\/p>\n\n\n\n<p>Livet er l\u00e6kkert, med high fashion, slik, sm\u00f8ger og dr\u00f8mme om dinosaurusser. <br>Men en dag er der blod i aff\u00f8ringen.  Og hvad med det indre liv? <br>Er det m\u00e5ske ikke ogs\u00e5 bare herrel\u00e6kkert?<\/p>\n","protected":false},"excerpt":{"rendered":"<p>TEGNESERIE \/ 24 SIDER \/ 2022Skrevet af Emil BraheTegnet af Emily Conlon Livet er l\u00e6kkert, med high fashion, slik, sm\u00f8ger og dr\u00f8mme om dinosaurusser. Men en dag er der blod i aff\u00f8ringen. Og hvad med det indre liv? Er det[&hellip;]<a class=\"more-link\" href=\"http:\/\/gymnoten.karlosall.dk\/?page_id=1118\">&darr; Read the rest of this entry&#8230;<\/a><\/p>\n","protected":false},"author":1,"featured_media":0,"parent":0,"menu_order":3,"comment_status":"closed","ping_status":"closed","template":"","meta":[],"_links":{"self":[{"href":"http:\/\/gymnoten.karlosall.dk\/index.php?rest_route=\/wp\/v2\/pages\/1118"}],"collection":[{"href":"http:\/\/gymnoten.karlosall.dk\/index.php?rest_route=\/wp\/v2\/pages"}],"about":[{"href":"http:\/\/gymnoten.karlosall.dk\/index.php?rest_route=\/wp\/v2\/types\/page"}],"author":[{"embeddable":true,"href":"http:\/\/gymnoten.karlosall.dk\/index.php?rest_route=\/wp\/v2\/users\/1"}],"replies":[{"embeddable":true,"href":"http:\/\/gymnoten.karlosall.dk\/index.php?rest_route=%2Fwp%2Fv2%2Fcomments&post=1118"}],"version-history":[{"count":3,"href":"http:\/\/gymnoten.karlosall.dk\/index.php?rest_route=\/wp\/v2\/pages\/1118\/revisions"}],"predecessor-version":[{"id":1122,"href":"http:\/\/gymnoten.karlosall.dk\/index.php?rest_route=\/wp\/v2\/pages\/1118\/revisions\/1122"}],"wp:attachment":[{"href":"http:\/\/gymnoten.karlosall.dk\/index.php?rest_route=%2Fwp%2Fv2%2Fmedia&parent=1118"}],"curies":[{"name":"wp","href":"https:\/\/api.w.org\/{rel}","templated":true}]}}