{"id":1113,"date":"2022-10-19T23:02:08","date_gmt":"2022-10-19T21:02:08","guid":{"rendered":"http:\/\/gymnoten.karlosall.dk\/?page_id=1113"},"modified":"2022-10-26T23:29:33","modified_gmt":"2022-10-26T21:29:33","slug":"operation-bof","status":"publish","type":"page","link":"http:\/\/gymnoten.karlosall.dk\/?page_id=1113","title":{"rendered":"OPERATION B\u00d8F"},"content":{"rendered":"\n<figure class=\"wp-block-image size-large is-resized\"><img loading=\"lazy\" src=\"http:\/\/gymnoten.karlosall.dk\/wp-content\/uploads\/2022\/10\/Bof.jpg\" alt=\"\" class=\"wp-image-1114\" width=\"472\" height=\"669\"\/><\/figure>\n\n\n\n<p>TEGNESERIE \/ 12 SIDER \/ 2022<br>Skrevet af Andreas Hansn<br>Tegnet af Emil Brahe<br><br>Efter Appetyes nederlag i Big Size Burger sidder Burgerplace, Place and Palace tungt p\u00e5 fastfoodtronen.<br>Samtidig er verden stadig m\u00e6rket af ny coronavirus, og en vis Jean Pierre er sprunget ud som \u00f8kopirat.<br>S\u00e5 dukker en mand med sindssvagt dyre briller og en svulstig id\u00e9 op, og snart udspiller et d\u00f8dbringende spil sig, der involverer Abekongen, burgerbefrieren Babette, Flagermusehviskeren og en genial spindoktor.<\/p>\n\n\n\n<figure class=\"wp-block-image size-large is-resized\"><img loading=\"lazy\" src=\"http:\/\/gymnoten.karlosall.dk\/wp-content\/uploads\/2022\/10\/fra-bof.jpg\" alt=\"\" class=\"wp-image-1128\" width=\"644\" height=\"310\"\/><\/figure>\n","protected":false},"excerpt":{"rendered":"<p>TEGNESERIE \/ 12 SIDER \/ 2022Skrevet af Andreas HansnTegnet af Emil Brahe Efter Appetyes nederlag i Big Size Burger sidder Burgerplace, Place and Palace tungt p\u00e5 fastfoodtronen.Samtidig er verden stadig m\u00e6rket af ny coronavirus, og en vis Jean Pierre er[&hellip;]<a class=\"more-link\" href=\"http:\/\/gymnoten.karlosall.dk\/?page_id=1113\">&darr; Read the rest of this entry&#8230;<\/a><\/p>\n","protected":false},"author":1,"featured_media":0,"parent":0,"menu_order":3,"comment_status":"closed","ping_status":"closed","template":"","meta":[],"_links":{"self":[{"href":"http:\/\/gymnoten.karlosall.dk\/index.php?rest_route=\/wp\/v2\/pages\/1113"}],"collection":[{"href":"http:\/\/gymnoten.karlosall.dk\/index.php?rest_route=\/wp\/v2\/pages"}],"about":[{"href":"http:\/\/gymnoten.karlosall.dk\/index.php?rest_route=\/wp\/v2\/types\/page"}],"author":[{"embeddable":true,"href":"http:\/\/gymnoten.karlosall.dk\/index.php?rest_route=\/wp\/v2\/users\/1"}],"replies":[{"embeddable":true,"href":"http:\/\/gymnoten.karlosall.dk\/index.php?rest_route=%2Fwp%2Fv2%2Fcomments&post=1113"}],"version-history":[{"count":3,"href":"http:\/\/gymnoten.karlosall.dk\/index.php?rest_route=\/wp\/v2\/pages\/1113\/revisions"}],"predecessor-version":[{"id":1129,"href":"http:\/\/gymnoten.karlosall.dk\/index.php?rest_route=\/wp\/v2\/pages\/1113\/revisions\/1129"}],"wp:attachment":[{"href":"http:\/\/gymnoten.karlosall.dk\/index.php?rest_route=%2Fwp%2Fv2%2Fmedia&parent=1113"}],"curies":[{"name":"wp","href":"https:\/\/api.w.org\/{rel}","templated":true}]}}