{"id":11,"date":"2014-03-29T02:18:53","date_gmt":"2014-03-29T02:18:53","guid":{"rendered":"http:\/\/gymnoten.dk\/?page_id=11"},"modified":"2022-06-06T20:14:08","modified_gmt":"2022-06-06T18:14:08","slug":"om-gymnoten","status":"publish","type":"page","link":"http:\/\/gymnoten.karlosall.dk\/?page_id=11","title":{"rendered":"OM GYMNOTEN"},"content":{"rendered":"<p>Gymnoten er en tegnestue og et mikroforlag og drives, skrives og tegnes f\u00f8rst og fremmest af Andreas Hansn og Emil Brahe.<br \/>\nVi laver mest&nbsp; tegneserier, men ogs\u00e5 b\u00f8ger med skrift og illustrationer, alts\u00e5 en slags billedb\u00f8ger.<br \/>\nNogle af udgivelserne udkommer p\u00e5 Forlaget Fahrenheit og der er ogs\u00e5 andet ude p\u00e5 andre forlag.<br \/>\nHvad ang\u00e5r distribution af ting fra Gymnotens forlag, fors\u00f8ger vi at f\u00e5 tingene ud i forskellige tegneserie (og andre) butikker. Dog mest begr\u00e6nset til:<br \/>\nStribeladen, Badstuerock og Kristian F. M\u00f8ller i \u00c5rhus.<br \/>\nS\u00e5 mail endelig, hvis du vil k\u00f8be eller h\u00f8re n\u00e6rmere. Eller noget.<br \/>\n<a href=\"http:\/\/gymnoten.karlosall.dk\/wp-content\/uploads\/2014\/08\/Tintin-Gymnoten.jpg\"><img loading=\"lazy\" class=\"alignnone size-full wp-image-172\" src=\"http:\/\/gymnoten.karlosall.dk\/wp-content\/uploads\/2014\/08\/Tintin-Gymnoten.jpg\" alt=\"Tintin &amp; Gymnoten\" width=\"750\" height=\"282\"><\/a><\/p>\n","protected":false},"excerpt":{"rendered":"<p>Gymnoten er en tegnestue og et mikroforlag og drives, skrives og tegnes f\u00f8rst og fremmest af Andreas Hansn og Emil Brahe. Vi laver mest&nbsp; tegneserier, men ogs\u00e5 b\u00f8ger med skrift og illustrationer, alts\u00e5 en slags billedb\u00f8ger. Nogle af udgivelserne udkommer[&hellip;]<a class=\"more-link\" href=\"http:\/\/gymnoten.karlosall.dk\/?page_id=11\">&darr; Read the rest of this entry&#8230;<\/a><\/p>\n","protected":false},"author":4,"featured_media":0,"parent":0,"menu_order":1,"comment_status":"open","ping_status":"open","template":"","meta":[],"_links":{"self":[{"href":"http:\/\/gymnoten.karlosall.dk\/index.php?rest_route=\/wp\/v2\/pages\/11"}],"collection":[{"href":"http:\/\/gymnoten.karlosall.dk\/index.php?rest_route=\/wp\/v2\/pages"}],"about":[{"href":"http:\/\/gymnoten.karlosall.dk\/index.php?rest_route=\/wp\/v2\/types\/page"}],"author":[{"embeddable":true,"href":"http:\/\/gymnoten.karlosall.dk\/index.php?rest_route=\/wp\/v2\/users\/4"}],"replies":[{"embeddable":true,"href":"http:\/\/gymnoten.karlosall.dk\/index.php?rest_route=%2Fwp%2Fv2%2Fcomments&post=11"}],"version-history":[{"count":1,"href":"http:\/\/gymnoten.karlosall.dk\/index.php?rest_route=\/wp\/v2\/pages\/11\/revisions"}],"predecessor-version":[{"id":1063,"href":"http:\/\/gymnoten.karlosall.dk\/index.php?rest_route=\/wp\/v2\/pages\/11\/revisions\/1063"}],"wp:attachment":[{"href":"http:\/\/gymnoten.karlosall.dk\/index.php?rest_route=%2Fwp%2Fv2%2Fmedia&parent=11"}],"curies":[{"name":"wp","href":"https:\/\/api.w.org\/{rel}","templated":true}]}}