{"id":1092,"date":"2022-06-06T20:12:27","date_gmt":"2022-06-06T18:12:27","guid":{"rendered":"http:\/\/gymnoten.karlosall.dk\/?page_id=1092"},"modified":"2023-01-26T23:37:14","modified_gmt":"2023-01-26T22:37:14","slug":"voyage-voyage","status":"publish","type":"page","link":"http:\/\/gymnoten.karlosall.dk\/?page_id=1092","title":{"rendered":"VOYAGE VOYAGE (Fahrenheit)"},"content":{"rendered":"\n<figure class=\"wp-block-image size-large is-resized\"><img loading=\"lazy\" src=\"http:\/\/gymnoten.karlosall.dk\/wp-content\/uploads\/2022\/06\/Voyage-Voyagefront.jpg\" alt=\"\" class=\"wp-image-1093\" width=\"440\" height=\"616\"\/><\/figure>\n\n\n\n<p><\/p>\n\n\n\n<p>TEGNESERIE \/ 152 SIDER \/ 2022<br>Skrevet af Andreas Hansn <br>Tegnet af Emil Brahe<\/p>\n\n\n\n<p>Drossel vil ud at opleve nye horisonter, og ved hj\u00e6lp af en friskplukket sky bliver kursen sat mod den vide verden og dens beboere. Fra selvhj\u00e6lpsorm, bj\u00f8rnefabrikkens hemmelige loge til en livsfarlig personalekonsulent.<\/p>\n\n\n\n<p>En delux voyage med det hele og creme p\u00e5 toppen.<\/p>\n\n\n\n<figure class=\"wp-block-image size-large\"><img loading=\"lazy\" width=\"2067\" height=\"2894\" src=\"http:\/\/gymnoten.karlosall.dk\/wp-content\/uploads\/2022\/06\/VV-s12.jpg\" alt=\"\" class=\"wp-image-1094\"\/><\/figure>\n","protected":false},"excerpt":{"rendered":"<p>TEGNESERIE \/ 152 SIDER \/ 2022Skrevet af Andreas Hansn Tegnet af Emil Brahe Drossel vil ud at opleve nye horisonter, og ved hj\u00e6lp af en friskplukket sky bliver kursen sat mod den vide verden og dens beboere. Fra selvhj\u00e6lpsorm, bj\u00f8rnefabrikkens[&hellip;]<a class=\"more-link\" href=\"http:\/\/gymnoten.karlosall.dk\/?page_id=1092\">&darr; Read the rest of this entry&#8230;<\/a><\/p>\n","protected":false},"author":1,"featured_media":0,"parent":0,"menu_order":2,"comment_status":"closed","ping_status":"closed","template":"","meta":[],"_links":{"self":[{"href":"http:\/\/gymnoten.karlosall.dk\/index.php?rest_route=\/wp\/v2\/pages\/1092"}],"collection":[{"href":"http:\/\/gymnoten.karlosall.dk\/index.php?rest_route=\/wp\/v2\/pages"}],"about":[{"href":"http:\/\/gymnoten.karlosall.dk\/index.php?rest_route=\/wp\/v2\/types\/page"}],"author":[{"embeddable":true,"href":"http:\/\/gymnoten.karlosall.dk\/index.php?rest_route=\/wp\/v2\/users\/1"}],"replies":[{"embeddable":true,"href":"http:\/\/gymnoten.karlosall.dk\/index.php?rest_route=%2Fwp%2Fv2%2Fcomments&post=1092"}],"version-history":[{"count":4,"href":"http:\/\/gymnoten.karlosall.dk\/index.php?rest_route=\/wp\/v2\/pages\/1092\/revisions"}],"predecessor-version":[{"id":1135,"href":"http:\/\/gymnoten.karlosall.dk\/index.php?rest_route=\/wp\/v2\/pages\/1092\/revisions\/1135"}],"wp:attachment":[{"href":"http:\/\/gymnoten.karlosall.dk\/index.php?rest_route=%2Fwp%2Fv2%2Fmedia&parent=1092"}],"curies":[{"name":"wp","href":"https:\/\/api.w.org\/{rel}","templated":true}]}}