{"id":1058,"date":"2021-09-22T23:23:58","date_gmt":"2021-09-22T21:23:58","guid":{"rendered":"http:\/\/gymnoten.karlosall.dk\/?page_id=1058"},"modified":"2022-06-06T20:15:03","modified_gmt":"2022-06-06T18:15:03","slug":"djyon-daere-iii","status":"publish","type":"page","link":"http:\/\/gymnoten.karlosall.dk\/?page_id=1058","title":{"rendered":"DJYON D\u00c6RE III"},"content":{"rendered":"\n<figure class=\"wp-block-image size-large is-resized\"><img loading=\"lazy\" src=\"http:\/\/gymnoten.karlosall.dk\/wp-content\/uploads\/2021\/09\/forside-lille.jpg\" alt=\"\" class=\"wp-image-1059\" width=\"403\" height=\"564\"\/><\/figure>\n\n\n\n<p>TEGNESERIE \/ 61 SIDER \/ 2021<br>Skrevet og tegnet af Andreas Hansn og Emil Brahe<br><br>Det begynder roligt nok med en rutinepr\u00e6get tur til en gigantisk kosmotr\u00f8ffel, men s\u00e5 er der pludselig b\u00f8vl, rumpirater, en helvedesfl\u00e5t og s\u00e6rpr\u00e6get natur p\u00e5 spil. <\/p>\n\n\n\n<figure class=\"wp-block-image size-large is-resized\"><img loading=\"lazy\" src=\"http:\/\/gymnoten.karlosall.dk\/wp-content\/uploads\/2021\/09\/optrapning.jpg\" alt=\"\" class=\"wp-image-1060\" width=\"420\" height=\"400\"\/><\/figure>\n","protected":false},"excerpt":{"rendered":"<p>TEGNESERIE \/ 61 SIDER \/ 2021Skrevet og tegnet af Andreas Hansn og Emil Brahe Det begynder roligt nok med en rutinepr\u00e6get tur til en gigantisk kosmotr\u00f8ffel, men s\u00e5 er der pludselig b\u00f8vl, rumpirater, en helvedesfl\u00e5t og s\u00e6rpr\u00e6get natur p\u00e5 spil.<\/p>\n","protected":false},"author":1,"featured_media":0,"parent":0,"menu_order":4,"comment_status":"closed","ping_status":"closed","template":"","meta":[],"_links":{"self":[{"href":"http:\/\/gymnoten.karlosall.dk\/index.php?rest_route=\/wp\/v2\/pages\/1058"}],"collection":[{"href":"http:\/\/gymnoten.karlosall.dk\/index.php?rest_route=\/wp\/v2\/pages"}],"about":[{"href":"http:\/\/gymnoten.karlosall.dk\/index.php?rest_route=\/wp\/v2\/types\/page"}],"author":[{"embeddable":true,"href":"http:\/\/gymnoten.karlosall.dk\/index.php?rest_route=\/wp\/v2\/users\/1"}],"replies":[{"embeddable":true,"href":"http:\/\/gymnoten.karlosall.dk\/index.php?rest_route=%2Fwp%2Fv2%2Fcomments&post=1058"}],"version-history":[{"count":2,"href":"http:\/\/gymnoten.karlosall.dk\/index.php?rest_route=\/wp\/v2\/pages\/1058\/revisions"}],"predecessor-version":[{"id":1062,"href":"http:\/\/gymnoten.karlosall.dk\/index.php?rest_route=\/wp\/v2\/pages\/1058\/revisions\/1062"}],"wp:attachment":[{"href":"http:\/\/gymnoten.karlosall.dk\/index.php?rest_route=%2Fwp%2Fv2%2Fmedia&parent=1058"}],"curies":[{"name":"wp","href":"https:\/\/api.w.org\/{rel}","templated":true}]}}